{"id":662,"date":"2025-05-21T10:21:56","date_gmt":"2025-05-21T10:21:56","guid":{"rendered":"https:\/\/fanatik.pt\/?post_type=product&#038;p=662"},"modified":"2025-09-23T13:07:34","modified_gmt":"2025-09-23T12:07:34","slug":"t-shirt-gcp-white-blue","status":"publish","type":"product","link":"https:\/\/fanatik.pt\/en\/produto\/t-shirt-gcp-white-blue\/","title":{"rendered":"T-Shirt GCP"},"content":{"rendered":"","protected":false},"excerpt":{"rendered":"","protected":false},"featured_media":677,"comment_status":"open","ping_status":"closed","template":"","meta":[],"product_brand":[],"product_cat":[103,100],"product_tag":[],"class_list":{"0":"post-662","1":"product","2":"type-product","3":"status-publish","4":"has-post-thumbnail","6":"product_cat-artes-marciais-luta","7":"product_cat-ginasio-clube-portugues","8":"pa_clubes-ginasio-clube-portugues","9":"pa_tamanhos-l","10":"pa_tamanhos-m","11":"pa_tamanhos-s","12":"pa_tamanhos-xl","13":"pa_tamanhos-xs","14":"pa_tamanhos-xxl","15":"yith_shop_vendor-gin-sio-clube-portugues","16":"wcpa_has_options","18":"first","19":"instock","20":"shipping-taxable","21":"purchasable","22":"product-type-variable"},"wcpa_form_fields":{"wcpaData":{"product":{"product_price":0,"price_html":"","original_product_price":0,"price_including_tax":0,"price_excluding_tax":0,"product_id":{"parent":662,"variation":false},"is_variable":true,"stock_status":"instock","stock_quantity":null,"parent_sku":"","product_attributes":{"pa_clubes":{"is_variation":false,"values":["ginasio-clube-portugues"]},"pa_tamanhos":{"is_variation":true,"values":[]},"pa_tipo":{"is_variation":false,"values":["t-shirt"]}},"custom_fields":[],"is_taxable":false,"product_name":"T-Shirt GCP","hasImage":false},"fields":{"sec_96825d30bb7134":{"extra":{"key":"sec_96825d30bb7134","section_id":"sec_96825d30bb7134","name":"PERSONALIZAR","status":1,"cl_rule":"show","enableCl":false,"relations":[],"toggle":true,"title_tag":"h3","show_title":true,"showPrice":"default","form_id":341,"form_rules":{"exclude_from_discount":false,"fee_label":"Fee","disp_hide_options_price":false,"disp_show_section_price":false,"disp_show_field_price":false,"layout_option":"standard","pric_use_as_fee":false,"process_fee_as":"woo_fee"},"layout_option":"standard"},"fields":[[{"active":true,"col":3,"relations":false,"cl_rule":"show","enableCl":false,"price":"0","enablePrice":true,"className":"","label_position":"default","desc_position":"default","type":"text","subtype":"text","required":false,"elementId":"text_106825d30bb7152","label":"Nome ","name":"text_106825d30bb7152","value":"","error":false,"pricingType":"fixed","description":"","gt_translate_keys":["label","description","value"],"price_dependency":false,"cl_dependency":false}]]}},"config":{"price_override":"","enable_recaptcha":false,"bind_quantity":false,"quantity_bind_formula":false,"disp_summ_show_option_price":true,"disp_summ_show_product_price":true,"disp_summ_show_total_price":true,"disp_summ_show_fee":false,"disp_summ_show_discount":false,"summary_title":"","options_total_label":"Pre\u00e7o das op\u00e7\u00f5es","total_label":"Total","options_product_label":"Pre\u00e7o do Produto","fee_label":"Fee","discount_label":"Discount","has_price":true,"has_quantity_formula":false},"mc_unit":1,"tax_rate":1,"tax_rate_real":1,"discount":{"percentage":0,"fixed":0},"design":{"conf":{"LabelPosition":"above","DescPosition":"above","UploadField":"custom_1","QuantityFieldStyle":"default"},"css":{"LeftLabelWidth":"120px"}},"formulas":[],"clones":false,"cartKey":false}},"_links":{"self":[{"href":"https:\/\/fanatik.pt\/en\/wp-json\/wp\/v2\/product\/662","targetHints":{"allow":["GET"]}}],"collection":[{"href":"https:\/\/fanatik.pt\/en\/wp-json\/wp\/v2\/product"}],"about":[{"href":"https:\/\/fanatik.pt\/en\/wp-json\/wp\/v2\/types\/product"}],"replies":[{"embeddable":true,"href":"https:\/\/fanatik.pt\/en\/wp-json\/wp\/v2\/comments?post=662"}],"wp:featuredmedia":[{"embeddable":true,"href":"https:\/\/fanatik.pt\/en\/wp-json\/wp\/v2\/media\/677"}],"wp:attachment":[{"href":"https:\/\/fanatik.pt\/en\/wp-json\/wp\/v2\/media?parent=662"}],"wp:term":[{"taxonomy":"product_brand","embeddable":true,"href":"https:\/\/fanatik.pt\/en\/wp-json\/wp\/v2\/product_brand?post=662"},{"taxonomy":"product_cat","embeddable":true,"href":"https:\/\/fanatik.pt\/en\/wp-json\/wp\/v2\/product_cat?post=662"},{"taxonomy":"product_tag","embeddable":true,"href":"https:\/\/fanatik.pt\/en\/wp-json\/wp\/v2\/product_tag?post=662"}],"curies":[{"name":"wp","href":"https:\/\/api.w.org\/{rel}","templated":true}]}}