{"id":566,"date":"2025-05-20T14:58:58","date_gmt":"2025-05-20T14:58:58","guid":{"rendered":"https:\/\/fanatik.pt\/?post_type=product&#038;p=566"},"modified":"2025-05-20T15:00:26","modified_gmt":"2025-05-20T15:00:26","slug":"polo-associacao-academica-bela-vista","status":"publish","type":"product","link":"https:\/\/fanatik.pt\/en\/produto\/polo-associacao-academica-bela-vista\/","title":{"rendered":"P\u00f3lo Associa\u00e7\u00e3o Acad\u00e9mica Bela Vista"},"content":{"rendered":"","protected":false},"excerpt":{"rendered":"","protected":false},"featured_media":556,"comment_status":"open","ping_status":"closed","template":"","meta":[],"product_brand":[],"product_cat":[21],"product_tag":[],"class_list":{"0":"post-566","1":"product","2":"type-product","3":"status-publish","4":"has-post-thumbnail","6":"product_cat-andebol","7":"pa_clubes-associacao-academica-bela-vista","8":"pa_tamanhos-l","9":"pa_tamanhos-m","10":"pa_tamanhos-s","11":"pa_tamanhos-xl","12":"pa_tamanhos-xs","13":"pa_tamanhos-xxl","14":"yith_shop_vendor-aabv","16":"first","17":"instock","18":"shipping-taxable","19":"purchasable","20":"product-type-variable"},"wcpa_form_fields":null,"_links":{"self":[{"href":"https:\/\/fanatik.pt\/en\/wp-json\/wp\/v2\/product\/566","targetHints":{"allow":["GET"]}}],"collection":[{"href":"https:\/\/fanatik.pt\/en\/wp-json\/wp\/v2\/product"}],"about":[{"href":"https:\/\/fanatik.pt\/en\/wp-json\/wp\/v2\/types\/product"}],"replies":[{"embeddable":true,"href":"https:\/\/fanatik.pt\/en\/wp-json\/wp\/v2\/comments?post=566"}],"wp:featuredmedia":[{"embeddable":true,"href":"https:\/\/fanatik.pt\/en\/wp-json\/wp\/v2\/media\/556"}],"wp:attachment":[{"href":"https:\/\/fanatik.pt\/en\/wp-json\/wp\/v2\/media?parent=566"}],"wp:term":[{"taxonomy":"product_brand","embeddable":true,"href":"https:\/\/fanatik.pt\/en\/wp-json\/wp\/v2\/product_brand?post=566"},{"taxonomy":"product_cat","embeddable":true,"href":"https:\/\/fanatik.pt\/en\/wp-json\/wp\/v2\/product_cat?post=566"},{"taxonomy":"product_tag","embeddable":true,"href":"https:\/\/fanatik.pt\/en\/wp-json\/wp\/v2\/product_tag?post=566"}],"curies":[{"name":"wp","href":"https:\/\/api.w.org\/{rel}","templated":true}]}}