{"id":357,"date":"2025-05-15T13:17:58","date_gmt":"2025-05-15T13:17:58","guid":{"rendered":"https:\/\/fanatik.pt\/?post_type=product&#038;p=357"},"modified":"2025-05-20T14:58:01","modified_gmt":"2025-05-20T14:58:01","slug":"camisola-associacao-academica-bela-vista-branca","status":"publish","type":"product","link":"https:\/\/fanatik.pt\/en\/produto\/camisola-associacao-academica-bela-vista-branca\/","title":{"rendered":"Camisola Associa\u00e7\u00e3o Acad\u00e9mica Bela Vista"},"content":{"rendered":"","protected":false},"excerpt":{"rendered":"","protected":false},"featured_media":564,"comment_status":"open","ping_status":"closed","template":"","meta":[],"product_brand":[],"product_cat":[21],"product_tag":[],"class_list":{"0":"post-357","1":"product","2":"type-product","3":"status-publish","4":"has-post-thumbnail","6":"product_cat-andebol","7":"pa_clubes-associacao-academica-bela-vista","8":"pa_tamanhos-l","9":"pa_tamanhos-m","10":"pa_tamanhos-s","11":"pa_tamanhos-xl","12":"pa_tamanhos-xs","13":"pa_tamanhos-xxl","14":"yith_shop_vendor-aabv","15":"wcpa_has_options","17":"first","18":"instock","19":"shipping-taxable","20":"purchasable","21":"product-type-variable"},"wcpa_form_fields":{"wcpaData":{"product":{"product_price":32.9500000000000028421709430404007434844970703125,"price_html":"<span class=\"woocommerce-Price-amount amount\"><bdi>32,95&nbsp;<span class=\"woocommerce-Price-currencySymbol\">&euro;<\/span><\/bdi><\/span>","original_product_price":32.9500000000000028421709430404007434844970703125,"price_including_tax":32.9500000000000028421709430404007434844970703125,"price_excluding_tax":32.9500000000000028421709430404007434844970703125,"product_id":{"parent":357,"variation":false},"is_variable":true,"stock_status":"instock","stock_quantity":null,"parent_sku":"","product_attributes":{"pa_tamanhos":{"is_variation":true,"values":[]},"pa_clubes":{"is_variation":false,"values":["associacao-academica-bela-vista"]},"pa_tipo":{"is_variation":false,"values":["camisola"]}},"custom_fields":[],"is_taxable":false,"product_name":"Camisola Associa\u00e7\u00e3o Acad\u00e9mica Bela Vista","hasImage":false},"fields":{"sec_2681a2b1a27960":{"extra":{"key":"sec_2681a2b1a27960","section_id":"sec_2681a2b1a27960","name":"PERSONALIZAR","status":1,"cl_rule":"show","enableCl":false,"relations":[],"toggle":true,"title_tag":"h3","show_title":true,"showPrice":"default","form_id":237,"form_rules":{"exclude_from_discount":false,"fee_label":"Fee","disp_hide_options_price":false,"disp_show_section_price":false,"disp_show_field_price":true,"layout_option":"standard","pric_use_as_fee":false,"process_fee_as":"woo_fee"},"layout_option":"standard"},"fields":[[{"active":true,"col":3,"relations":false,"cl_rule":"show","enableCl":false,"price":"0","enablePrice":true,"className":"","label_position":"default","desc_position":"default","type":"text","subtype":"text","required":false,"elementId":"text_5454474971","label":"Nome ","name":"text_5454474971","value":"","error":false,"pricingType":"fixed","description":"","gt_translate_keys":["label","description","value"],"price_dependency":false,"cl_dependency":false},{"active":true,"col":3,"relations":false,"cl_rule":"show","enableCl":false,"price":"0","enablePrice":true,"className":"","label_position":"default","desc_position":"default","type":"number","required":false,"elementId":"number_5454504942","label":"N\u00famero","name":"number_5454504942","value":"","error":false,"pricingType":"fixed","description":"","gt_translate_keys":["label","description","value"],"price_dependency":false,"cl_dependency":false}]]}},"config":{"price_override":"if_gt_zero","enable_recaptcha":false,"bind_quantity":false,"quantity_bind_formula":false,"disp_summ_show_option_price":false,"disp_summ_show_product_price":false,"disp_summ_show_total_price":true,"disp_summ_show_fee":false,"disp_summ_show_discount":false,"summary_title":"","options_total_label":"Pre\u00e7o das op\u00e7\u00f5es","total_label":"Total","options_product_label":"Pre\u00e7o do Produto","fee_label":"Fee","discount_label":"Discount","has_price":true,"has_quantity_formula":false},"mc_unit":1,"tax_rate":1,"tax_rate_real":1,"discount":{"percentage":0,"fixed":0},"design":{"conf":{"LabelPosition":"above","DescPosition":"above","UploadField":"custom_1","QuantityFieldStyle":"default"},"css":{"LeftLabelWidth":"120px"}},"formulas":[],"clones":false,"cartKey":false}},"_links":{"self":[{"href":"https:\/\/fanatik.pt\/en\/wp-json\/wp\/v2\/product\/357","targetHints":{"allow":["GET"]}}],"collection":[{"href":"https:\/\/fanatik.pt\/en\/wp-json\/wp\/v2\/product"}],"about":[{"href":"https:\/\/fanatik.pt\/en\/wp-json\/wp\/v2\/types\/product"}],"replies":[{"embeddable":true,"href":"https:\/\/fanatik.pt\/en\/wp-json\/wp\/v2\/comments?post=357"}],"wp:featuredmedia":[{"embeddable":true,"href":"https:\/\/fanatik.pt\/en\/wp-json\/wp\/v2\/media\/564"}],"wp:attachment":[{"href":"https:\/\/fanatik.pt\/en\/wp-json\/wp\/v2\/media?parent=357"}],"wp:term":[{"taxonomy":"product_brand","embeddable":true,"href":"https:\/\/fanatik.pt\/en\/wp-json\/wp\/v2\/product_brand?post=357"},{"taxonomy":"product_cat","embeddable":true,"href":"https:\/\/fanatik.pt\/en\/wp-json\/wp\/v2\/product_cat?post=357"},{"taxonomy":"product_tag","embeddable":true,"href":"https:\/\/fanatik.pt\/en\/wp-json\/wp\/v2\/product_tag?post=357"}],"curies":[{"name":"wp","href":"https:\/\/api.w.org\/{rel}","templated":true}]}}