{"id":1643,"date":"2026-01-20T13:52:12","date_gmt":"2026-01-20T13:52:12","guid":{"rendered":"https:\/\/fanatik.pt\/?post_type=product&#038;p=1643"},"modified":"2026-01-20T13:52:52","modified_gmt":"2026-01-20T13:52:52","slug":"sweatshirt-c-capuz-adepto-aca","status":"publish","type":"product","link":"https:\/\/fanatik.pt\/en\/produto\/sweatshirt-c-capuz-adepto-aca\/","title":{"rendered":"Sweatshirt C\/Capuz Adepto ACA"},"content":{"rendered":"<p>Sweatshirt preta, com capuz forrado a laranja e cord\u00e3o laranja.<\/p>\n<p>Composta por 80% algod\u00e3o e 20% poli\u00e9ster.<\/p>\n<p>Nome e logo na frente bordados, personaliza\u00e7\u00e3o nas costas em DTF.<\/p>\n","protected":false},"excerpt":{"rendered":"<p>Sweatshirt preta, com capuz forrado a laranja e cord\u00e3o laranja. Composta por 80% algod\u00e3o e 20% poli\u00e9ster. Nome e logo na frente bordados, personaliza\u00e7\u00e3o nas costas em DTF.<\/p>\n","protected":false},"featured_media":1646,"comment_status":"open","ping_status":"closed","template":"","meta":[],"product_brand":[],"product_cat":[120,27],"product_tag":[],"class_list":{"0":"post-1643","1":"product","2":"type-product","3":"status-publish","4":"has-post-thumbnail","6":"product_cat-atletico-clube-albufeira","7":"product_cat-voleibol","8":"pa_clubes-atletico-clube-albufeira","9":"pa_tamanhos-10-anos","10":"pa_tamanhos-12-anos","11":"pa_tamanhos-14-anos","12":"pa_tamanhos-3xl","13":"pa_tamanhos-4-anos","14":"pa_tamanhos-4xl","15":"pa_tamanhos-6-anos","16":"pa_tamanhos-8-anos","17":"pa_tamanhos-l","18":"pa_tamanhos-m","19":"pa_tamanhos-s","20":"pa_tamanhos-tu","21":"pa_tamanhos-xl","22":"pa_tamanhos-xs","23":"pa_tamanhos-xxl","24":"yith_shop_vendor-aca","25":"wcpa_has_options","27":"first","28":"instock","29":"shipping-taxable","30":"purchasable","31":"product-type-variable"},"wcpa_form_fields":{"wcpaData":{"product":{"product_price":35,"price_html":"<span class=\"woocommerce-Price-amount amount\"><bdi>35,00&nbsp;<span class=\"woocommerce-Price-currencySymbol\">&euro;<\/span><\/bdi><\/span>","original_product_price":35,"price_including_tax":35,"price_excluding_tax":35,"product_id":{"parent":1643,"variation":false},"is_variable":true,"stock_status":"instock","stock_quantity":null,"parent_sku":"","product_attributes":{"pa_tamanhos":{"is_variation":true,"values":[]},"pa_clubes":{"is_variation":false,"values":["atletico-clube-albufeira"]}},"custom_fields":[],"is_taxable":false,"product_name":"Sweatshirt C\/Capuz Adepto ACA","hasImage":false},"fields":{"sec_3696f86c82cbf6":{"extra":{"key":"sec_3696f86c82cbf6","section_id":"sec_3696f86c82cbf6","name":"Default","status":1,"cl_rule":"show","enableCl":false,"relations":[],"toggle":true,"title_tag":"h3","show_title":false,"showPrice":"default","form_id":1649,"form_rules":{"exclude_from_discount":true,"fee_label":"Fee","disp_hide_options_price":true,"disp_show_section_price":false,"disp_show_field_price":false,"layout_option":"standard","pric_use_as_fee":false,"process_fee_as":"custom"},"layout_option":"standard"},"fields":[[{"active":true,"col":6,"relations":false,"cl_rule":"show","enableCl":false,"price":"2","enablePrice":true,"className":"","label_position":"default","desc_position":"default","type":"text","subtype":"text","required":false,"elementId":"text_1702116989","label":"Nome + 2 \u20ac","name":"text_1702116989","value":"","error":false,"pricingType":"fixed","use_as_fee":false,"gt_translate_keys":["label","value"],"price_dependency":false,"cl_dependency":false}]]}},"config":{"price_override":"","enable_recaptcha":false,"bind_quantity":false,"quantity_bind_formula":false,"disp_summ_show_option_price":false,"disp_summ_show_product_price":false,"disp_summ_show_total_price":true,"disp_summ_show_fee":false,"disp_summ_show_discount":false,"summary_title":"","options_total_label":"Pre\u00e7o das op\u00e7\u00f5es","total_label":"Total","options_product_label":"Pre\u00e7o do Produto","fee_label":"Fee","discount_label":"Discount","has_price":true,"has_quantity_formula":false},"mc_unit":1,"tax_rate":1,"tax_rate_real":1,"discount":{"percentage":0,"fixed":0},"design":{"conf":{"LabelPosition":"above","DescPosition":"above","UploadField":"custom_1","QuantityFieldStyle":"default"},"css":{"LeftLabelWidth":"120px"}},"formulas":[],"clones":false,"cartKey":false}},"_links":{"self":[{"href":"https:\/\/fanatik.pt\/en\/wp-json\/wp\/v2\/product\/1643","targetHints":{"allow":["GET"]}}],"collection":[{"href":"https:\/\/fanatik.pt\/en\/wp-json\/wp\/v2\/product"}],"about":[{"href":"https:\/\/fanatik.pt\/en\/wp-json\/wp\/v2\/types\/product"}],"replies":[{"embeddable":true,"href":"https:\/\/fanatik.pt\/en\/wp-json\/wp\/v2\/comments?post=1643"}],"wp:featuredmedia":[{"embeddable":true,"href":"https:\/\/fanatik.pt\/en\/wp-json\/wp\/v2\/media\/1646"}],"wp:attachment":[{"href":"https:\/\/fanatik.pt\/en\/wp-json\/wp\/v2\/media?parent=1643"}],"wp:term":[{"taxonomy":"product_brand","embeddable":true,"href":"https:\/\/fanatik.pt\/en\/wp-json\/wp\/v2\/product_brand?post=1643"},{"taxonomy":"product_cat","embeddable":true,"href":"https:\/\/fanatik.pt\/en\/wp-json\/wp\/v2\/product_cat?post=1643"},{"taxonomy":"product_tag","embeddable":true,"href":"https:\/\/fanatik.pt\/en\/wp-json\/wp\/v2\/product_tag?post=1643"}],"curies":[{"name":"wp","href":"https:\/\/api.w.org\/{rel}","templated":true}]}}