{"id":1567,"date":"2025-12-10T16:17:36","date_gmt":"2025-12-10T16:17:36","guid":{"rendered":"https:\/\/fanatik.pt\/?post_type=product&#038;p=1567"},"modified":"2025-12-10T16:22:13","modified_gmt":"2025-12-10T16:22:13","slug":"calcao-de-treino-crc-quinta-dos-lombos-basquetebol","status":"publish","type":"product","link":"https:\/\/fanatik.pt\/en\/produto\/calcao-de-treino-crc-quinta-dos-lombos-basquetebol\/","title":{"rendered":"Cal\u00e7\u00e3o de treino CRC Quinta dos Lombos Basquetebol"},"content":{"rendered":"<p>Cal\u00e7\u00e3o preto 100% poli\u00e9ster, com logos em DTF<\/p>\n","protected":false},"excerpt":{"rendered":"<p>Cal\u00e7\u00e3o preto 100% poli\u00e9ster, com logos em DTF<\/p>\n","protected":false},"featured_media":1569,"comment_status":"open","ping_status":"closed","template":"","meta":[],"product_brand":[],"product_cat":[20,122],"product_tag":[],"class_list":{"0":"post-1567","1":"product","2":"type-product","3":"status-publish","4":"has-post-thumbnail","6":"product_cat-basquetebol","7":"product_cat-crc-quinta-dos-lombos-basquetebol","8":"pa_clubes-centro-recreativo-e-cultural-quinta-dos-lombos-basquetebol","9":"pa_tamanhos-10-anos","10":"pa_tamanhos-12-anos","11":"pa_tamanhos-14-anos","12":"pa_tamanhos-3xl","13":"pa_tamanhos-4-anos","14":"pa_tamanhos-4xl","15":"pa_tamanhos-6-anos","16":"pa_tamanhos-8-anos","17":"pa_tamanhos-l","18":"pa_tamanhos-m","19":"pa_tamanhos-s","20":"pa_tamanhos-xl","21":"pa_tamanhos-xs","22":"pa_tamanhos-xxl","23":"yith_shop_vendor-crcqlbasquetebol","25":"first","26":"instock","27":"shipping-taxable","28":"purchasable","29":"product-type-variable"},"wcpa_form_fields":null,"_links":{"self":[{"href":"https:\/\/fanatik.pt\/en\/wp-json\/wp\/v2\/product\/1567","targetHints":{"allow":["GET"]}}],"collection":[{"href":"https:\/\/fanatik.pt\/en\/wp-json\/wp\/v2\/product"}],"about":[{"href":"https:\/\/fanatik.pt\/en\/wp-json\/wp\/v2\/types\/product"}],"replies":[{"embeddable":true,"href":"https:\/\/fanatik.pt\/en\/wp-json\/wp\/v2\/comments?post=1567"}],"wp:featuredmedia":[{"embeddable":true,"href":"https:\/\/fanatik.pt\/en\/wp-json\/wp\/v2\/media\/1569"}],"wp:attachment":[{"href":"https:\/\/fanatik.pt\/en\/wp-json\/wp\/v2\/media?parent=1567"}],"wp:term":[{"taxonomy":"product_brand","embeddable":true,"href":"https:\/\/fanatik.pt\/en\/wp-json\/wp\/v2\/product_brand?post=1567"},{"taxonomy":"product_cat","embeddable":true,"href":"https:\/\/fanatik.pt\/en\/wp-json\/wp\/v2\/product_cat?post=1567"},{"taxonomy":"product_tag","embeddable":true,"href":"https:\/\/fanatik.pt\/en\/wp-json\/wp\/v2\/product_tag?post=1567"}],"curies":[{"name":"wp","href":"https:\/\/api.w.org\/{rel}","templated":true}]}}