{"id":1452,"date":"2025-11-17T16:32:33","date_gmt":"2025-11-17T16:32:33","guid":{"rendered":"https:\/\/fanatik.pt\/?post_type=product&#038;p=1452"},"modified":"2025-11-17T16:32:33","modified_gmt":"2025-11-17T16:32:33","slug":"calcao-de-jogo-preto-crc-quinta-dos-lombos-basquetebol-liga-betclic","status":"publish","type":"product","link":"https:\/\/fanatik.pt\/en\/produto\/calcao-de-jogo-preto-crc-quinta-dos-lombos-basquetebol-liga-betclic\/","title":{"rendered":"Cal\u00e7\u00e3o de Jogo Preto CRC Quinta dos Lombos Basquetebol Liga Betclic"},"content":{"rendered":"<div class=\"container\">\n<div class=\"row main-content-wrap\">\n<div class=\"main-content col-lg-12\">\n<div id=\"primary\" class=\"content-area\"><main id=\"content\" class=\"site-main\"><\/p>\n<div id=\"product-1450\" class=\"product type-product post-1450 status-publish first instock product_cat-basquetebol product_cat-crc-quinta-dos-lombos-basquetebol has-post-thumbnail shipping-taxable purchasable product-type-variable product-layout-default\">\n<div id=\"product-tab\" class=\"woocommerce-tabs woocommerce-tabs-luv39lqi resp-htabs\">\n<div class=\"resp-tabs-container\">\n<div id=\"tab-description\" class=\"tab-content resp-tab-content resp-tab-content-active\" aria-labelledby=\"tab_item-0\">\n<div id=\"product-1369\" class=\"wcpa_has_options product type-product post-1369 status-publish first instock product_cat-basquetebol product_cat-crc-quinta-dos-lombos-basquetebol has-post-thumbnail shipping-taxable purchasable product-type-variable product-layout-default\">\n<div id=\"product-tab\" class=\"woocommerce-tabs woocommerce-tabs-vykwrryp resp-htabs\">\n<div class=\"resp-tabs-container\">\n<div id=\"tab-description\" class=\"tab-content resp-tab-content resp-tab-content-active\" aria-labelledby=\"tab_item-1\">\n<p>Cal\u00e7\u00e3o preto sublimado, 100% poli\u00e9ster.<\/p>\n<\/div>\n<\/div>\n<\/div>\n<\/div>\n<\/div>\n<\/div>\n<\/div>\n<\/div>\n<p><\/main><\/div>\n<\/div>\n<\/div>\n<\/div>\n<div class=\"related products\">\n<div class=\"container\"><\/div>\n<\/div>\n","protected":false},"excerpt":{"rendered":"<p>Cal\u00e7\u00e3o preto sublimado, 100% poli\u00e9ster.<\/p>\n","protected":false},"featured_media":1439,"comment_status":"open","ping_status":"closed","template":"","meta":[],"product_brand":[],"product_cat":[20,122],"product_tag":[],"class_list":{"0":"post-1452","1":"product","2":"type-product","3":"status-publish","4":"has-post-thumbnail","6":"product_cat-basquetebol","7":"product_cat-crc-quinta-dos-lombos-basquetebol","8":"pa_clubes-centro-recreativo-e-cultural-quinta-dos-lombos-basquetebol","9":"pa_tamanhos-10-anos","10":"pa_tamanhos-12-anos","11":"pa_tamanhos-14-anos","12":"pa_tamanhos-3xl","13":"pa_tamanhos-4-anos","14":"pa_tamanhos-4xl","15":"pa_tamanhos-6-anos","16":"pa_tamanhos-8-anos","17":"pa_tamanhos-l","18":"pa_tamanhos-m","19":"pa_tamanhos-s","20":"pa_tamanhos-xl","21":"pa_tamanhos-xs","22":"pa_tamanhos-xxl","23":"yith_shop_vendor-crcqlbasquetebol","25":"first","26":"instock","27":"shipping-taxable","28":"purchasable","29":"product-type-variable"},"wcpa_form_fields":null,"_links":{"self":[{"href":"https:\/\/fanatik.pt\/en\/wp-json\/wp\/v2\/product\/1452","targetHints":{"allow":["GET"]}}],"collection":[{"href":"https:\/\/fanatik.pt\/en\/wp-json\/wp\/v2\/product"}],"about":[{"href":"https:\/\/fanatik.pt\/en\/wp-json\/wp\/v2\/types\/product"}],"replies":[{"embeddable":true,"href":"https:\/\/fanatik.pt\/en\/wp-json\/wp\/v2\/comments?post=1452"}],"wp:featuredmedia":[{"embeddable":true,"href":"https:\/\/fanatik.pt\/en\/wp-json\/wp\/v2\/media\/1439"}],"wp:attachment":[{"href":"https:\/\/fanatik.pt\/en\/wp-json\/wp\/v2\/media?parent=1452"}],"wp:term":[{"taxonomy":"product_brand","embeddable":true,"href":"https:\/\/fanatik.pt\/en\/wp-json\/wp\/v2\/product_brand?post=1452"},{"taxonomy":"product_cat","embeddable":true,"href":"https:\/\/fanatik.pt\/en\/wp-json\/wp\/v2\/product_cat?post=1452"},{"taxonomy":"product_tag","embeddable":true,"href":"https:\/\/fanatik.pt\/en\/wp-json\/wp\/v2\/product_tag?post=1452"}],"curies":[{"name":"wp","href":"https:\/\/api.w.org\/{rel}","templated":true}]}}