{"id":1446,"date":"2025-11-17T16:23:36","date_gmt":"2025-11-17T16:23:36","guid":{"rendered":"https:\/\/fanatik.pt\/?post_type=product&#038;p=1446"},"modified":"2025-11-17T16:23:36","modified_gmt":"2025-11-17T16:23:36","slug":"calcao-de-jogo-amarelo-crc-quinta-dos-lombos-basquetebol-formacao-2","status":"publish","type":"product","link":"https:\/\/fanatik.pt\/en\/produto\/calcao-de-jogo-amarelo-crc-quinta-dos-lombos-basquetebol-formacao-2\/","title":{"rendered":"Cal\u00e7\u00e3o de Jogo Amarelo CRC Quinta dos Lombos Basquetebol Forma\u00e7\u00e3o"},"content":{"rendered":"<div id=\"product-1369\" class=\"wcpa_has_options product type-product post-1369 status-publish first instock product_cat-basquetebol product_cat-crc-quinta-dos-lombos-basquetebol has-post-thumbnail shipping-taxable purchasable product-type-variable product-layout-default\">\n<div id=\"product-tab\" class=\"woocommerce-tabs woocommerce-tabs-vykwrryp resp-htabs\">\n<div class=\"resp-tabs-container\">\n<div id=\"tab-description\" class=\"tab-content resp-tab-content resp-tab-content-active\" aria-labelledby=\"tab_item-1\">\n<p>Cal\u00e7\u00e3o preto sublimado, 100% poli\u00e9ster.<\/p>\n<\/div>\n<\/div>\n<\/div>\n<\/div>\n","protected":false},"excerpt":{"rendered":"<p>Cal\u00e7\u00e3o preto sublimado, 100% poli\u00e9ster.<\/p>\n","protected":false},"featured_media":1447,"comment_status":"open","ping_status":"closed","template":"","meta":[],"product_brand":[],"product_cat":[20,122],"product_tag":[],"class_list":{"0":"post-1446","1":"product","2":"type-product","3":"status-publish","4":"has-post-thumbnail","6":"product_cat-basquetebol","7":"product_cat-crc-quinta-dos-lombos-basquetebol","8":"pa_tamanhos-10-anos","9":"pa_tamanhos-12-anos","10":"pa_tamanhos-14-anos","11":"pa_tamanhos-3xl","12":"pa_tamanhos-4-anos","13":"pa_tamanhos-4xl","14":"pa_tamanhos-6-anos","15":"pa_tamanhos-8-anos","16":"pa_tamanhos-l","17":"pa_tamanhos-m","18":"pa_tamanhos-s","19":"pa_tamanhos-xl","20":"pa_tamanhos-xs","21":"pa_tamanhos-xxl","23":"first","24":"instock","25":"shipping-taxable","26":"purchasable","27":"product-type-variable"},"wcpa_form_fields":null,"_links":{"self":[{"href":"https:\/\/fanatik.pt\/en\/wp-json\/wp\/v2\/product\/1446","targetHints":{"allow":["GET"]}}],"collection":[{"href":"https:\/\/fanatik.pt\/en\/wp-json\/wp\/v2\/product"}],"about":[{"href":"https:\/\/fanatik.pt\/en\/wp-json\/wp\/v2\/types\/product"}],"replies":[{"embeddable":true,"href":"https:\/\/fanatik.pt\/en\/wp-json\/wp\/v2\/comments?post=1446"}],"wp:featuredmedia":[{"embeddable":true,"href":"https:\/\/fanatik.pt\/en\/wp-json\/wp\/v2\/media\/1447"}],"wp:attachment":[{"href":"https:\/\/fanatik.pt\/en\/wp-json\/wp\/v2\/media?parent=1446"}],"wp:term":[{"taxonomy":"product_brand","embeddable":true,"href":"https:\/\/fanatik.pt\/en\/wp-json\/wp\/v2\/product_brand?post=1446"},{"taxonomy":"product_cat","embeddable":true,"href":"https:\/\/fanatik.pt\/en\/wp-json\/wp\/v2\/product_cat?post=1446"},{"taxonomy":"product_tag","embeddable":true,"href":"https:\/\/fanatik.pt\/en\/wp-json\/wp\/v2\/product_tag?post=1446"}],"curies":[{"name":"wp","href":"https:\/\/api.w.org\/{rel}","templated":true}]}}