{"id":1381,"date":"2025-11-05T01:17:29","date_gmt":"2025-11-05T01:17:29","guid":{"rendered":"https:\/\/fanatik.pt\/?post_type=product&#038;p=1381"},"modified":"2025-11-05T14:30:51","modified_gmt":"2025-11-05T14:30:51","slug":"camisola-de-aquecimento-preta-crc-quinta-dos-lombos-basquetebol","status":"publish","type":"product","link":"https:\/\/fanatik.pt\/en\/produto\/camisola-de-aquecimento-preta-crc-quinta-dos-lombos-basquetebol\/","title":{"rendered":"Camisola de Aquecimento Preta CRC Quinta dos Lombos Basquetebol"},"content":{"rendered":"<p>Camisola preta sublimada, 100% poli\u00e9ster<\/p>\n","protected":false},"excerpt":{"rendered":"<p>Camisola preta sublimada, 100% poli\u00e9ster<\/p>\n","protected":false},"featured_media":1384,"comment_status":"open","ping_status":"closed","template":"","meta":[],"product_brand":[],"product_cat":[20,122],"product_tag":[],"class_list":{"0":"post-1381","1":"product","2":"type-product","3":"status-publish","4":"has-post-thumbnail","6":"product_cat-basquetebol","7":"product_cat-crc-quinta-dos-lombos-basquetebol","8":"pa_clubes-centro-recreativo-e-cultural-quinta-dos-lombos-basquetebol","9":"pa_tamanhos-10-anos","10":"pa_tamanhos-12-anos","11":"pa_tamanhos-14-anos","12":"pa_tamanhos-3xl","13":"pa_tamanhos-4-anos","14":"pa_tamanhos-4xl","15":"pa_tamanhos-6-anos","16":"pa_tamanhos-8-anos","17":"pa_tamanhos-l","18":"pa_tamanhos-m","19":"pa_tamanhos-s","20":"pa_tamanhos-xl","21":"pa_tamanhos-xs","22":"pa_tamanhos-xxl","23":"yith_shop_vendor-crcqlbasquetebol","24":"wcpa_has_options","26":"first","27":"instock","28":"shipping-taxable","29":"purchasable","30":"product-type-variable"},"wcpa_form_fields":{"wcpaData":{"product":{"product_price":25,"price_html":"<span class=\"woocommerce-Price-amount amount\"><bdi>25,00&nbsp;<span class=\"woocommerce-Price-currencySymbol\">&euro;<\/span><\/bdi><\/span>","original_product_price":25,"price_including_tax":25,"price_excluding_tax":25,"product_id":{"parent":1381,"variation":false},"is_variable":true,"stock_status":"instock","stock_quantity":null,"parent_sku":"","product_attributes":{"pa_tamanhos":{"is_variation":true,"values":[]},"pa_clubes":{"is_variation":false,"values":["centro-recreativo-e-cultural-quinta-dos-lombos-basquetebol"]}},"custom_fields":[],"is_taxable":false,"product_name":"Camisola de Aquecimento Preta CRC Quinta dos Lombos Basquetebol","hasImage":false},"fields":{"sec_96825d30bb7134":{"extra":{"key":"sec_96825d30bb7134","section_id":"sec_96825d30bb7134","name":"PERSONALIZAR","status":1,"cl_rule":"show","enableCl":false,"relations":[],"toggle":true,"title_tag":"h3","show_title":true,"showPrice":"default","form_id":341,"form_rules":{"exclude_from_discount":false,"fee_label":"Fee","disp_hide_options_price":false,"disp_show_section_price":false,"disp_show_field_price":false,"layout_option":"standard","pric_use_as_fee":false,"process_fee_as":"woo_fee"},"layout_option":"standard"},"fields":[[{"active":true,"col":3,"relations":false,"cl_rule":"show","enableCl":false,"price":"0","enablePrice":true,"className":"","label_position":"default","desc_position":"default","type":"text","subtype":"text","required":false,"elementId":"text_106825d30bb7152","label":"Nome ","name":"text_106825d30bb7152","value":"","error":false,"pricingType":"fixed","description":"","gt_translate_keys":["label","description","value"],"price_dependency":false,"cl_dependency":false}]]}},"config":{"price_override":"","enable_recaptcha":false,"bind_quantity":false,"quantity_bind_formula":false,"disp_summ_show_option_price":true,"disp_summ_show_product_price":true,"disp_summ_show_total_price":true,"disp_summ_show_fee":false,"disp_summ_show_discount":false,"summary_title":"","options_total_label":"Pre\u00e7o das op\u00e7\u00f5es","total_label":"Total","options_product_label":"Pre\u00e7o do Produto","fee_label":"Fee","discount_label":"Discount","has_price":true,"has_quantity_formula":false},"mc_unit":1,"tax_rate":1,"tax_rate_real":1,"discount":{"percentage":0,"fixed":0},"design":{"conf":{"LabelPosition":"above","DescPosition":"above","UploadField":"custom_1","QuantityFieldStyle":"default"},"css":{"LeftLabelWidth":"120px"}},"formulas":[],"clones":false,"cartKey":false}},"_links":{"self":[{"href":"https:\/\/fanatik.pt\/en\/wp-json\/wp\/v2\/product\/1381","targetHints":{"allow":["GET"]}}],"collection":[{"href":"https:\/\/fanatik.pt\/en\/wp-json\/wp\/v2\/product"}],"about":[{"href":"https:\/\/fanatik.pt\/en\/wp-json\/wp\/v2\/types\/product"}],"replies":[{"embeddable":true,"href":"https:\/\/fanatik.pt\/en\/wp-json\/wp\/v2\/comments?post=1381"}],"wp:featuredmedia":[{"embeddable":true,"href":"https:\/\/fanatik.pt\/en\/wp-json\/wp\/v2\/media\/1384"}],"wp:attachment":[{"href":"https:\/\/fanatik.pt\/en\/wp-json\/wp\/v2\/media?parent=1381"}],"wp:term":[{"taxonomy":"product_brand","embeddable":true,"href":"https:\/\/fanatik.pt\/en\/wp-json\/wp\/v2\/product_brand?post=1381"},{"taxonomy":"product_cat","embeddable":true,"href":"https:\/\/fanatik.pt\/en\/wp-json\/wp\/v2\/product_cat?post=1381"},{"taxonomy":"product_tag","embeddable":true,"href":"https:\/\/fanatik.pt\/en\/wp-json\/wp\/v2\/product_tag?post=1381"}],"curies":[{"name":"wp","href":"https:\/\/api.w.org\/{rel}","templated":true}]}}