{"id":1269,"date":"2025-09-29T14:54:39","date_gmt":"2025-09-29T13:54:39","guid":{"rendered":"https:\/\/fanatik.pt\/?post_type=product&#038;p=1269"},"modified":"2025-10-21T13:01:31","modified_gmt":"2025-10-21T12:01:31","slug":"polo-de-saida-atletico-clube-de-albufeira","status":"publish","type":"product","link":"https:\/\/fanatik.pt\/en\/produto\/polo-de-saida-atletico-clube-de-albufeira\/","title":{"rendered":"Polo de sa\u00edda Atl\u00e9tico Clube de Albufeira"},"content":{"rendered":"<p>Polo sublimado preto e laranja com logo no peito, 100% poli\u00e9ster<\/p>\n","protected":false},"excerpt":{"rendered":"<p>Polo sublimado preto e laranja com logo no peito, 100% poli\u00e9ster<\/p>\n","protected":false},"featured_media":1264,"comment_status":"open","ping_status":"closed","template":"","meta":[],"product_brand":[],"product_cat":[120,27],"product_tag":[],"class_list":{"0":"post-1269","1":"product","2":"type-product","3":"status-publish","4":"has-post-thumbnail","6":"product_cat-atletico-clube-albufeira","7":"product_cat-voleibol","8":"pa_clubes-atletico-clube-albufeira","9":"pa_tamanhos-10-anos","10":"pa_tamanhos-12-anos","11":"pa_tamanhos-14-anos","12":"pa_tamanhos-3xl","13":"pa_tamanhos-4-anos","14":"pa_tamanhos-4xl","15":"pa_tamanhos-6-anos","16":"pa_tamanhos-8-anos","17":"pa_tamanhos-l","18":"pa_tamanhos-m","19":"pa_tamanhos-s","20":"pa_tamanhos-xl","21":"pa_tamanhos-xs","22":"pa_tamanhos-xxl","23":"yith_shop_vendor-aca","25":"first","26":"instock","27":"shipping-taxable","28":"purchasable","29":"product-type-variable"},"wcpa_form_fields":null,"_links":{"self":[{"href":"https:\/\/fanatik.pt\/en\/wp-json\/wp\/v2\/product\/1269","targetHints":{"allow":["GET"]}}],"collection":[{"href":"https:\/\/fanatik.pt\/en\/wp-json\/wp\/v2\/product"}],"about":[{"href":"https:\/\/fanatik.pt\/en\/wp-json\/wp\/v2\/types\/product"}],"replies":[{"embeddable":true,"href":"https:\/\/fanatik.pt\/en\/wp-json\/wp\/v2\/comments?post=1269"}],"wp:featuredmedia":[{"embeddable":true,"href":"https:\/\/fanatik.pt\/en\/wp-json\/wp\/v2\/media\/1264"}],"wp:attachment":[{"href":"https:\/\/fanatik.pt\/en\/wp-json\/wp\/v2\/media?parent=1269"}],"wp:term":[{"taxonomy":"product_brand","embeddable":true,"href":"https:\/\/fanatik.pt\/en\/wp-json\/wp\/v2\/product_brand?post=1269"},{"taxonomy":"product_cat","embeddable":true,"href":"https:\/\/fanatik.pt\/en\/wp-json\/wp\/v2\/product_cat?post=1269"},{"taxonomy":"product_tag","embeddable":true,"href":"https:\/\/fanatik.pt\/en\/wp-json\/wp\/v2\/product_tag?post=1269"}],"curies":[{"name":"wp","href":"https:\/\/api.w.org\/{rel}","templated":true}]}}