{"id":1133,"date":"2025-08-28T13:58:45","date_gmt":"2025-08-28T12:58:45","guid":{"rendered":"https:\/\/fanatik.pt\/?post_type=product&#038;p=1133"},"modified":"2025-10-15T11:35:27","modified_gmt":"2025-10-15T10:35:27","slug":"calcao-de-guarda-redes-atletico-sport-clube","status":"publish","type":"product","link":"https:\/\/fanatik.pt\/en\/produto\/calcao-de-guarda-redes-atletico-sport-clube\/","title":{"rendered":"Cal\u00e7\u00e3o de Guarda-Redes Atl\u00e9tico Sport Clube"},"content":{"rendered":"<p>cal\u00e7\u00e3o sublimado 100% poli\u00e9ster<\/p>\n","protected":false},"excerpt":{"rendered":"<p>cal\u00e7\u00e3o sublimado 100% poli\u00e9ster<\/p>\n","protected":false},"featured_media":1135,"comment_status":"open","ping_status":"closed","template":"","meta":[],"product_brand":[],"product_cat":[115,18,19],"product_tag":[],"class_list":{"0":"post-1133","1":"product","2":"type-product","3":"status-publish","4":"has-post-thumbnail","6":"product_cat-atletico-sport-clube","7":"product_cat-futebol","8":"product_cat-futsal","9":"pa_clubes-atletico-sport-clube","10":"pa_tamanhos-10-anos","11":"pa_tamanhos-12-anos","12":"pa_tamanhos-14-anos","13":"pa_tamanhos-3xl","14":"pa_tamanhos-4-anos","15":"pa_tamanhos-4xl","16":"pa_tamanhos-6-anos","17":"pa_tamanhos-8-anos","18":"pa_tamanhos-l","19":"pa_tamanhos-m","20":"pa_tamanhos-s","21":"pa_tamanhos-xl","22":"pa_tamanhos-xs","23":"pa_tamanhos-xxl","24":"yith_shop_vendor-atleticodereguengos","25":"wcpa_has_options","27":"first","28":"instock","29":"shipping-taxable","30":"purchasable","31":"product-type-variable"},"wcpa_form_fields":{"wcpaData":{"product":{"product_price":12.3599999999999994315658113919198513031005859375,"price_html":"<span class=\"woocommerce-Price-amount amount\"><bdi>12,36&nbsp;<span class=\"woocommerce-Price-currencySymbol\">&euro;<\/span><\/bdi><\/span>","original_product_price":12.3599999999999994315658113919198513031005859375,"price_including_tax":12.3599999999999994315658113919198513031005859375,"price_excluding_tax":12.3599999999999994315658113919198513031005859375,"product_id":{"parent":1133,"variation":false},"is_variable":true,"stock_status":"instock","stock_quantity":null,"parent_sku":"","product_attributes":{"pa_tamanhos":{"is_variation":true,"values":[]},"pa_clubes":{"is_variation":false,"values":["atletico-sport-clube"]}},"custom_fields":[],"is_taxable":false,"product_name":"Cal\u00e7\u00e3o de Guarda-Redes Atl\u00e9tico Sport Clube","hasImage":false},"fields":{"sec_6682dacf4c9c25":{"extra":{"key":"sec_6682dacf4c9c25","section_id":"sec_6682dacf4c9c25","name":"PERSONALIZAR","status":1,"cl_rule":"show","enableCl":false,"relations":[],"toggle":true,"title_tag":"h3","show_title":true,"showPrice":"default","form_id":710,"form_rules":{"exclude_from_discount":false,"fee_label":"Fee","disp_hide_options_price":false,"disp_show_section_price":false,"disp_show_field_price":false,"layout_option":"standard","pric_use_as_fee":false,"process_fee_as":"woo_fee"},"layout_option":"standard"},"fields":[[{"active":true,"col":3,"relations":false,"cl_rule":"show","enableCl":false,"price":"0","enablePrice":true,"className":"","label_position":"default","desc_position":"default","type":"number","required":false,"elementId":"number_3939388224","label":"N\u00famero ","name":"number_3939388224","value":"","error":false,"pricingType":"fixed","enableWeight":true,"gt_translate_keys":["label","value"],"price_dependency":false,"cl_dependency":false}]]}},"config":{"price_override":"","enable_recaptcha":false,"bind_quantity":false,"quantity_bind_formula":false,"disp_summ_show_option_price":true,"disp_summ_show_product_price":true,"disp_summ_show_total_price":true,"disp_summ_show_fee":false,"disp_summ_show_discount":false,"summary_title":"","options_total_label":"Pre\u00e7o das op\u00e7\u00f5es","total_label":"Total","options_product_label":"Pre\u00e7o do Produto","fee_label":"Fee","discount_label":"Discount","has_price":true,"has_quantity_formula":false},"mc_unit":1,"tax_rate":1,"tax_rate_real":1,"discount":{"percentage":0,"fixed":0},"design":{"conf":{"LabelPosition":"above","DescPosition":"above","UploadField":"custom_1","QuantityFieldStyle":"default"},"css":{"LeftLabelWidth":"120px"}},"formulas":[],"clones":false,"cartKey":false}},"_links":{"self":[{"href":"https:\/\/fanatik.pt\/en\/wp-json\/wp\/v2\/product\/1133","targetHints":{"allow":["GET"]}}],"collection":[{"href":"https:\/\/fanatik.pt\/en\/wp-json\/wp\/v2\/product"}],"about":[{"href":"https:\/\/fanatik.pt\/en\/wp-json\/wp\/v2\/types\/product"}],"replies":[{"embeddable":true,"href":"https:\/\/fanatik.pt\/en\/wp-json\/wp\/v2\/comments?post=1133"}],"wp:featuredmedia":[{"embeddable":true,"href":"https:\/\/fanatik.pt\/en\/wp-json\/wp\/v2\/media\/1135"}],"wp:attachment":[{"href":"https:\/\/fanatik.pt\/en\/wp-json\/wp\/v2\/media?parent=1133"}],"wp:term":[{"taxonomy":"product_brand","embeddable":true,"href":"https:\/\/fanatik.pt\/en\/wp-json\/wp\/v2\/product_brand?post=1133"},{"taxonomy":"product_cat","embeddable":true,"href":"https:\/\/fanatik.pt\/en\/wp-json\/wp\/v2\/product_cat?post=1133"},{"taxonomy":"product_tag","embeddable":true,"href":"https:\/\/fanatik.pt\/en\/wp-json\/wp\/v2\/product_tag?post=1133"}],"curies":[{"name":"wp","href":"https:\/\/api.w.org\/{rel}","templated":true}]}}