{"id":1099,"date":"2025-08-27T01:37:29","date_gmt":"2025-08-27T00:37:29","guid":{"rendered":"https:\/\/fanatik.pt\/?post_type=product&#038;p=1099"},"modified":"2025-10-15T11:59:37","modified_gmt":"2025-10-15T10:59:37","slug":"polo-de-saida-branco-atletico-sport-clube","status":"publish","type":"product","link":"https:\/\/fanatik.pt\/en\/produto\/polo-de-saida-branco-atletico-sport-clube\/","title":{"rendered":"Polo de Sa\u00edda Atleta Atl\u00e9tico Sport Clube"},"content":{"rendered":"<p>Polo sublimado 100%poli\u00e9ster<\/p>\n","protected":false},"excerpt":{"rendered":"<p>Polo sublimado 100%poli\u00e9ster<\/p>\n","protected":false},"featured_media":1100,"comment_status":"open","ping_status":"closed","template":"","meta":[],"product_brand":[],"product_cat":[115,18,19],"product_tag":[],"class_list":{"0":"post-1099","1":"product","2":"type-product","3":"status-publish","4":"has-post-thumbnail","6":"product_cat-atletico-sport-clube","7":"product_cat-futebol","8":"product_cat-futsal","9":"pa_clubes-atletico-sport-clube","10":"pa_tamanhos-10-anos","11":"pa_tamanhos-12-anos","12":"pa_tamanhos-14-anos","13":"pa_tamanhos-3xl","14":"pa_tamanhos-4-anos","15":"pa_tamanhos-4xl","16":"pa_tamanhos-6-anos","17":"pa_tamanhos-8-anos","18":"pa_tamanhos-l","19":"pa_tamanhos-m","20":"pa_tamanhos-s","21":"pa_tamanhos-xl","22":"pa_tamanhos-xs","23":"pa_tamanhos-xxl","24":"yith_shop_vendor-atleticodereguengos","26":"first","27":"instock","28":"shipping-taxable","29":"purchasable","30":"product-type-variable"},"wcpa_form_fields":null,"_links":{"self":[{"href":"https:\/\/fanatik.pt\/en\/wp-json\/wp\/v2\/product\/1099","targetHints":{"allow":["GET"]}}],"collection":[{"href":"https:\/\/fanatik.pt\/en\/wp-json\/wp\/v2\/product"}],"about":[{"href":"https:\/\/fanatik.pt\/en\/wp-json\/wp\/v2\/types\/product"}],"replies":[{"embeddable":true,"href":"https:\/\/fanatik.pt\/en\/wp-json\/wp\/v2\/comments?post=1099"}],"wp:featuredmedia":[{"embeddable":true,"href":"https:\/\/fanatik.pt\/en\/wp-json\/wp\/v2\/media\/1100"}],"wp:attachment":[{"href":"https:\/\/fanatik.pt\/en\/wp-json\/wp\/v2\/media?parent=1099"}],"wp:term":[{"taxonomy":"product_brand","embeddable":true,"href":"https:\/\/fanatik.pt\/en\/wp-json\/wp\/v2\/product_brand?post=1099"},{"taxonomy":"product_cat","embeddable":true,"href":"https:\/\/fanatik.pt\/en\/wp-json\/wp\/v2\/product_cat?post=1099"},{"taxonomy":"product_tag","embeddable":true,"href":"https:\/\/fanatik.pt\/en\/wp-json\/wp\/v2\/product_tag?post=1099"}],"curies":[{"name":"wp","href":"https:\/\/api.w.org\/{rel}","templated":true}]}}